
{"id":2843,"date":"2024-10-23T00:50:48","date_gmt":"2024-10-23T00:50:48","guid":{"rendered":"https:\/\/asoprovida.org\/?page_id=2843"},"modified":"2025-02-26T14:29:16","modified_gmt":"2025-02-26T14:29:16","slug":"ecuador","status":"publish","type":"page","link":"https:\/\/asoprovida.org\/pt\/ecuador\/","title":{"rendered":"Equador"},"content":{"rendered":"<div data-elementor-type=\"wp-page\" data-elementor-id=\"2843\" class=\"elementor elementor-2843\" data-elementor-post-type=\"page\">\n\t\t\t\t<div class=\"elementor-element elementor-element-300669d e-flex e-con-boxed e-con e-parent\" data-id=\"300669d\" data-element_type=\"container\">\n\t\t\t\t\t<div class=\"e-con-inner\">\n\t\t\t\t<div class=\"elementor-element elementor-element-6a40acd9 elementor-widget elementor-widget-heading\" data-id=\"6a40acd9\" data-element_type=\"widget\" data-widget_type=\"heading.default\">\n\t\t\t\t<div class=\"elementor-widget-container\">\n\t\t\t\t\t<h2 class=\"elementor-heading-title elementor-size-default\">Equador<\/h2>\t\t\t\t<\/div>\n\t\t\t\t<\/div>\n\t\t\t\t<div class=\"elementor-element elementor-element-7eaf94cf elementor-posts__hover-none elementor-posts--align-left elementor-grid-3 elementor-grid-tablet-2 elementor-grid-mobile-1 elementor-posts--thumbnail-top elementor-card-shadow-yes load-more-align-center elementor-widget elementor-widget-posts\" data-id=\"7eaf94cf\" data-element_type=\"widget\" data-settings=\"{&quot;cards_row_gap&quot;:{&quot;unit&quot;:&quot;px&quot;,&quot;size&quot;:80,&quot;sizes&quot;:[]},&quot;cards_row_gap_tablet&quot;:{&quot;unit&quot;:&quot;px&quot;,&quot;size&quot;:71,&quot;sizes&quot;:[]},&quot;cards_row_gap_mobile&quot;:{&quot;unit&quot;:&quot;px&quot;,&quot;size&quot;:30,&quot;sizes&quot;:[]},&quot;pagination_type&quot;:&quot;load_more_on_click&quot;,&quot;cards_columns&quot;:&quot;3&quot;,&quot;cards_columns_tablet&quot;:&quot;2&quot;,&quot;cards_columns_mobile&quot;:&quot;1&quot;,&quot;load_more_spinner&quot;:{&quot;value&quot;:&quot;fas fa-spinner&quot;,&quot;library&quot;:&quot;fa-solid&quot;}}\" data-widget_type=\"posts.cards\">\n\t\t\t\t<div class=\"elementor-widget-container\">\n\t\t\t\t\t\t\t<div class=\"elementor-posts-container elementor-posts elementor-posts--skin-cards elementor-grid\">\n\t\t\t\t<article class=\"elementor-post elementor-grid-item post-3233 post type-post status-publish format-standard has-post-thumbnail hentry category-ecuador\">\n\t\t\t<div class=\"elementor-post__card\">\n\t\t\t\t<a class=\"elementor-post__thumbnail__link\" href=\"https:\/\/asoprovida.org\/pt\/navicat-navidog\/\" tabindex=\"-1\" ><div class=\"elementor-post__thumbnail\"><img fetchpriority=\"high\" decoding=\"async\" width=\"2560\" height=\"1440\" src=\"https:\/\/asoprovida.org\/wp-content\/uploads\/2025\/02\/Navicat-y-Navi-dog-1-scaled.jpeg\" class=\"attachment-full size-full wp-image-3235\" alt=\"\" srcset=\"https:\/\/asoprovida.org\/wp-content\/uploads\/2025\/02\/Navicat-y-Navi-dog-1-scaled.jpeg 2560w, https:\/\/asoprovida.org\/wp-content\/uploads\/2025\/02\/Navicat-y-Navi-dog-1-300x169.jpeg 300w, https:\/\/asoprovida.org\/wp-content\/uploads\/2025\/02\/Navicat-y-Navi-dog-1-1024x576.jpeg 1024w, https:\/\/asoprovida.org\/wp-content\/uploads\/2025\/02\/Navicat-y-Navi-dog-1-768x432.jpeg 768w, https:\/\/asoprovida.org\/wp-content\/uploads\/2025\/02\/Navicat-y-Navi-dog-1-1536x864.jpeg 1536w, https:\/\/asoprovida.org\/wp-content\/uploads\/2025\/02\/Navicat-y-Navi-dog-1-2048x1152.jpeg 2048w\" sizes=\"(max-width: 2560px) 100vw, 2560px\"><\/div><\/a>\n\t\t\t\t<div class=\"elementor-post__text\">\n\t\t\t\t<h4 class=\"elementor-post__title\">\n\t\t\t<a href=\"https:\/\/asoprovida.org\/pt\/navicat-navidog\/\" >\n\t\t\t\tNavicat e Navidog - Equador\t\t\t<\/a>\n\t\t<\/h4>\n\t\t\n\t\t<a class=\"elementor-post__read-more\" href=\"https:\/\/asoprovida.org\/pt\/navicat-navidog\/\" aria-label=\"Leia mais sobre Navicat e Navidog - Equador\" tabindex=\"-1\" >\n\t\t\tLeia mais\t\t<\/a>\n\n\t\t\t\t<\/div>\n\t\t\t\t\t<\/div>\n\t\t<\/article>\n\t\t\t\t<article class=\"elementor-post elementor-grid-item post-1970 post type-post status-publish format-standard has-post-thumbnail hentry category-ecuador\">\n\t\t\t<div class=\"elementor-post__card\">\n\t\t\t\t<a class=\"elementor-post__thumbnail__link\" href=\"https:\/\/asoprovida.org\/pt\/visita-a-escola-jose-maria-vargas-em-quito-oficinas-asoprovida\/\" tabindex=\"-1\" ><div class=\"elementor-post__thumbnail\"><img decoding=\"async\" width=\"1267\" height=\"710\" src=\"https:\/\/asoprovida.org\/wp-content\/uploads\/2023\/11\/Visita-Al-Colegio-Jose-Maria-Vargas-en-Quito-Talleres-Asoprovida.png\" class=\"attachment-full size-full wp-image-1976\" alt=\"\" srcset=\"https:\/\/asoprovida.org\/wp-content\/uploads\/2023\/11\/Visita-Al-Colegio-Jose-Maria-Vargas-en-Quito-Talleres-Asoprovida.png 1267w, https:\/\/asoprovida.org\/wp-content\/uploads\/2023\/11\/Visita-Al-Colegio-Jose-Maria-Vargas-en-Quito-Talleres-Asoprovida-300x168.png 300w, https:\/\/asoprovida.org\/wp-content\/uploads\/2023\/11\/Visita-Al-Colegio-Jose-Maria-Vargas-en-Quito-Talleres-Asoprovida-1024x574.png 1024w, https:\/\/asoprovida.org\/wp-content\/uploads\/2023\/11\/Visita-Al-Colegio-Jose-Maria-Vargas-en-Quito-Talleres-Asoprovida-768x430.png 768w\" sizes=\"(max-width: 1267px) 100vw, 1267px\"><\/div><\/a>\n\t\t\t\t<div class=\"elementor-post__text\">\n\t\t\t\t<h4 class=\"elementor-post__title\">\n\t\t\t<a href=\"https:\/\/asoprovida.org\/pt\/visita-a-escola-jose-maria-vargas-em-quito-oficinas-asoprovida\/\" >\n\t\t\t\tVisita \u00e0 Escola Jos\u00e9 Mar\u00eda Vargas em Quito : Asoprovida Workshops\t\t\t<\/a>\n\t\t<\/h4>\n\t\t\n\t\t<a class=\"elementor-post__read-more\" href=\"https:\/\/asoprovida.org\/pt\/visita-a-escola-jose-maria-vargas-em-quito-oficinas-asoprovida\/\" aria-label=\"Leia mais sobre Visita \u00e0 Escola Jos\u00e9 Mar\u00eda Vargas em Quito: Workshops da Asoprovida\" tabindex=\"-1\" >\n\t\t\tLeia mais\t\t<\/a>\n\n\t\t\t\t<\/div>\n\t\t\t\t\t<\/div>\n\t\t<\/article>\n\t\t\t\t<article class=\"elementor-post elementor-grid-item post-1960 post type-post status-publish format-standard has-post-thumbnail hentry category-ecuador\">\n\t\t\t<div class=\"elementor-post__card\">\n\t\t\t\t<a class=\"elementor-post__thumbnail__link\" href=\"https:\/\/asoprovida.org\/pt\/asoprovida-quito-na-unidade-educacional-canada-school\/\" tabindex=\"-1\" ><div class=\"elementor-post__thumbnail\"><img decoding=\"async\" width=\"1265\" height=\"712\" src=\"https:\/\/asoprovida.org\/wp-content\/uploads\/2023\/11\/Asoprovida-Quito-en-el-Canada-School-Unidad-Educativa.png\" class=\"attachment-full size-full wp-image-1966\" alt=\"\" srcset=\"https:\/\/asoprovida.org\/wp-content\/uploads\/2023\/11\/Asoprovida-Quito-en-el-Canada-School-Unidad-Educativa.png 1265w, https:\/\/asoprovida.org\/wp-content\/uploads\/2023\/11\/Asoprovida-Quito-en-el-Canada-School-Unidad-Educativa-300x169.png 300w, https:\/\/asoprovida.org\/wp-content\/uploads\/2023\/11\/Asoprovida-Quito-en-el-Canada-School-Unidad-Educativa-1024x576.png 1024w, https:\/\/asoprovida.org\/wp-content\/uploads\/2023\/11\/Asoprovida-Quito-en-el-Canada-School-Unidad-Educativa-768x432.png 768w\" sizes=\"(max-width: 1265px) 100vw, 1265px\"><\/div><\/a>\n\t\t\t\t<div class=\"elementor-post__text\">\n\t\t\t\t<h4 class=\"elementor-post__title\">\n\t\t\t<a href=\"https:\/\/asoprovida.org\/pt\/asoprovida-quito-na-unidade-educacional-canada-school\/\" >\n\t\t\t\tAsoprovida Quito na \"Canada School\" - Unidade Educacional\t\t\t<\/a>\n\t\t<\/h4>\n\t\t\n\t\t<a class=\"elementor-post__read-more\" href=\"https:\/\/asoprovida.org\/pt\/asoprovida-quito-na-unidade-educacional-canada-school\/\" aria-label=\"Leia mais sobre a Asoprovida Quito na Canada School - Unidade Educacional\" tabindex=\"-1\" >\n\t\t\tLeia mais\t\t<\/a>\n\n\t\t\t\t<\/div>\n\t\t\t\t\t<\/div>\n\t\t<\/article>\n\t\t\t\t<article class=\"elementor-post elementor-grid-item post-1931 post type-post status-publish format-standard has-post-thumbnail hentry category-ecuador\">\n\t\t\t<div class=\"elementor-post__card\">\n\t\t\t\t<a class=\"elementor-post__thumbnail__link\" href=\"https:\/\/asoprovida.org\/pt\/1o-festival-de-sementes-da-asoprovida-no-equador-2016\/\" tabindex=\"-1\" ><div class=\"elementor-post__thumbnail\"><img loading=\"lazy\" decoding=\"async\" width=\"1268\" height=\"710\" src=\"https:\/\/asoprovida.org\/wp-content\/uploads\/2023\/11\/1er-Festival-de-la-Semilla---Asoprovida-en-Ecuador---2016.png\" class=\"attachment-full size-full wp-image-1934\" alt=\"\" srcset=\"\" sizes=\"(max-width: 1268px) 100vw, 1268px\" data-srcset=\"\"><\/div><\/a>\n\t\t\t\t<div class=\"elementor-post__text\">\n\t\t\t\t<h4 class=\"elementor-post__title\">\n\t\t\t<a href=\"https:\/\/asoprovida.org\/pt\/1o-festival-de-sementes-da-asoprovida-no-equador-2016\/\" >\n\t\t\t\t1\u00ba Festival de Sementes - Asoprovida no Equador - 2016\t\t\t<\/a>\n\t\t<\/h4>\n\t\t\n\t\t<a class=\"elementor-post__read-more\" href=\"https:\/\/asoprovida.org\/pt\/1o-festival-de-sementes-da-asoprovida-no-equador-2016\/\" aria-label=\"Leia mais sobre 1\u00ba Festival de Sementes - Asoprovida no Equador - 2016\" tabindex=\"-1\" >\n\t\t\tLeia mais\t\t<\/a>\n\n\t\t\t\t<\/div>\n\t\t\t\t\t<\/div>\n\t\t<\/article>\n\t\t\t\t<\/div>\n\t\t\t\t\t<span class=\"e-load-more-spinner\">\n\t\t\t\t<svg aria-hidden=\"true\" class=\"e-font-icon-svg e-fas-spinner\" viewbox=\"0 0 512 512\" xmlns=\"http:\/\/www.w3.org\/2000\/svg\"><path d=\"M304 48c0 26.51-21.49 48-48 48s-48-21.49-48-48 21.49-48 48-48 48 21.49 48 48zm-48 368c-26.51 0-48 21.49-48 48s21.49 48 48 48 48-21.49 48-48-21.49-48-48-48zm208-208c-26.51 0-48 21.49-48 48s21.49 48 48 48 48-21.49 48-48-21.49-48-48-48zM96 256c0-26.51-21.49-48-48-48S0 229.49 0 256s21.49 48 48 48 48-21.49 48-48zm12.922 99.078c-26.51 0-48 21.49-48 48s21.49 48 48 48 48-21.49 48-48c0-26.509-21.491-48-48-48zm294.156 0c-26.51 0-48 21.49-48 48s21.49 48 48 48 48-21.49 48-48c0-26.509-21.49-48-48-48zM108.922 60.922c-26.51 0-48 21.49-48 48s21.49 48 48 48 48-21.49 48-48-21.491-48-48-48z\"><\/path><\/svg>\t\t\t<\/span>\n\t\t\n\t\t\t\t\t\t<\/div>\n\t\t\t\t<\/div>\n\t\t\t\t\t<\/div>\n\t\t\t\t<\/div>\n\t\t\t\t<\/div>","protected":false},"excerpt":{"rendered":"<p>Equador<\/p>","protected":false},"author":5,"featured_media":0,"parent":0,"menu_order":0,"comment_status":"closed","ping_status":"closed","template":"elementor_header_footer","meta":{"footnotes":""},"class_list":["post-2843","page","type-page","status-publish","hentry"],"_links":{"self":[{"href":"https:\/\/asoprovida.org\/pt\/wp-json\/wp\/v2\/pages\/2843","targetHints":{"allow":["GET"]}}],"collection":[{"href":"https:\/\/asoprovida.org\/pt\/wp-json\/wp\/v2\/pages"}],"about":[{"href":"https:\/\/asoprovida.org\/pt\/wp-json\/wp\/v2\/types\/page"}],"author":[{"embeddable":true,"href":"https:\/\/asoprovida.org\/pt\/wp-json\/wp\/v2\/users\/5"}],"replies":[{"embeddable":true,"href":"https:\/\/asoprovida.org\/pt\/wp-json\/wp\/v2\/comments?post=2843"}],"version-history":[{"count":7,"href":"https:\/\/asoprovida.org\/pt\/wp-json\/wp\/v2\/pages\/2843\/revisions"}],"predecessor-version":[{"id":3466,"href":"https:\/\/asoprovida.org\/pt\/wp-json\/wp\/v2\/pages\/2843\/revisions\/3466"}],"wp:attachment":[{"href":"https:\/\/asoprovida.org\/pt\/wp-json\/wp\/v2\/media?parent=2843"}],"curies":[{"name":"wp","href":"https:\/\/api.w.org\/{rel}","templated":true}]}}