
{"id":1938,"date":"2023-11-27T01:58:15","date_gmt":"2023-11-27T01:58:15","guid":{"rendered":"https:\/\/asoprovida.org\/?page_id=1938"},"modified":"2024-10-19T04:01:03","modified_gmt":"2024-10-19T04:01:03","slug":"blog","status":"publish","type":"page","link":"https:\/\/asoprovida.org\/fr\/blog\/","title":{"rendered":"Blog sur les exp\u00e9riences"},"content":{"rendered":"<div data-elementor-type=\"wp-page\" data-elementor-id=\"1938\" class=\"elementor elementor-1938\" data-elementor-post-type=\"page\">\n\t\t\t\t<div class=\"elementor-element elementor-element-3b944049 e-flex e-con-boxed e-con e-parent\" data-id=\"3b944049\" data-element_type=\"container\">\n\t\t\t\t\t<div class=\"e-con-inner\">\n\t\t\t\t<div class=\"elementor-element elementor-element-2e4597f6 elementor-widget elementor-widget-heading\" data-id=\"2e4597f6\" data-element_type=\"widget\" data-widget_type=\"heading.default\">\n\t\t\t\t<div class=\"elementor-widget-container\">\n\t\t\t\t\t<h2 class=\"elementor-heading-title elementor-size-default\">Blog sur les exp\u00e9riences et les activit\u00e9s<\/h2>\t\t\t\t<\/div>\n\t\t\t\t<\/div>\n\t\t\t\t<div class=\"elementor-element elementor-element-260dd88a elementor-posts__hover-none elementor-posts--align-left elementor-grid-3 elementor-grid-tablet-2 elementor-grid-mobile-1 elementor-posts--thumbnail-top elementor-card-shadow-yes load-more-align-center elementor-widget elementor-widget-posts\" data-id=\"260dd88a\" data-element_type=\"widget\" data-settings=\"{&quot;cards_row_gap&quot;:{&quot;unit&quot;:&quot;px&quot;,&quot;size&quot;:80,&quot;sizes&quot;:[]},&quot;cards_row_gap_tablet&quot;:{&quot;unit&quot;:&quot;px&quot;,&quot;size&quot;:71,&quot;sizes&quot;:[]},&quot;cards_row_gap_mobile&quot;:{&quot;unit&quot;:&quot;px&quot;,&quot;size&quot;:30,&quot;sizes&quot;:[]},&quot;pagination_type&quot;:&quot;load_more_on_click&quot;,&quot;cards_columns&quot;:&quot;3&quot;,&quot;cards_columns_tablet&quot;:&quot;2&quot;,&quot;cards_columns_mobile&quot;:&quot;1&quot;,&quot;load_more_spinner&quot;:{&quot;value&quot;:&quot;fas fa-spinner&quot;,&quot;library&quot;:&quot;fa-solid&quot;}}\" data-widget_type=\"posts.cards\">\n\t\t\t\t<div class=\"elementor-widget-container\">\n\t\t\t\t\t\t\t<div class=\"elementor-posts-container elementor-posts elementor-posts--skin-cards elementor-grid\">\n\t\t\t\t<article class=\"elementor-post elementor-grid-item post-4754 post type-post status-publish format-standard has-post-thumbnail hentry category-dias-importantes\">\n\t\t\t<div class=\"elementor-post__card\">\n\t\t\t\t<a class=\"elementor-post__thumbnail__link\" href=\"https:\/\/asoprovida.org\/fr\/lappel-a-laide-de-la-terre-mere\/\" tabindex=\"-1\" ><div class=\"elementor-post__thumbnail\"><img fetchpriority=\"high\" decoding=\"async\" width=\"2560\" height=\"2048\" src=\"https:\/\/asoprovida.org\/wp-content\/uploads\/2026\/04\/resource-database-FTzv7fOCsj0-unsplash-scaled.jpg\" class=\"attachment-full size-full wp-image-4760\" alt=\"\" srcset=\"https:\/\/asoprovida.org\/wp-content\/uploads\/2026\/04\/resource-database-FTzv7fOCsj0-unsplash-scaled.jpg 2560w, https:\/\/asoprovida.org\/wp-content\/uploads\/2026\/04\/resource-database-FTzv7fOCsj0-unsplash-300x240.jpg 300w, https:\/\/asoprovida.org\/wp-content\/uploads\/2026\/04\/resource-database-FTzv7fOCsj0-unsplash-1024x819.jpg 1024w, https:\/\/asoprovida.org\/wp-content\/uploads\/2026\/04\/resource-database-FTzv7fOCsj0-unsplash-768x614.jpg 768w, https:\/\/asoprovida.org\/wp-content\/uploads\/2026\/04\/resource-database-FTzv7fOCsj0-unsplash-1536x1229.jpg 1536w, https:\/\/asoprovida.org\/wp-content\/uploads\/2026\/04\/resource-database-FTzv7fOCsj0-unsplash-2048x1638.jpg 2048w, https:\/\/asoprovida.org\/wp-content\/uploads\/2026\/04\/resource-database-FTzv7fOCsj0-unsplash-15x12.jpg 15w\" sizes=\"(max-width: 2560px) 100vw, 2560px\"><\/div><\/a>\n\t\t\t\t<div class=\"elementor-post__text\">\n\t\t\t\t<h4 class=\"elementor-post__title\">\n\t\t\t<a href=\"https:\/\/asoprovida.org\/fr\/lappel-a-laide-de-la-terre-mere\/\" >\n\t\t\t\tL'appel \u00e0 l'aide de notre m\u00e8re la Terre !\t\t\t<\/a>\n\t\t<\/h4>\n\t\t\n\t\t<a class=\"elementor-post__read-more\" href=\"https:\/\/asoprovida.org\/fr\/lappel-a-laide-de-la-terre-mere\/\" aria-label=\"Read more about \u00a1Grito de auxilio de la Madre Tierra!\" tabindex=\"-1\" >\n\t\t\tEn savoir plus\t\t<\/a>\n\n\t\t\t\t<\/div>\n\t\t\t\t\t<\/div>\n\t\t<\/article>\n\t\t\t\t<article class=\"elementor-post elementor-grid-item post-4733 post type-post status-publish format-standard has-post-thumbnail hentry category-uruguay\">\n\t\t\t<div class=\"elementor-post__card\">\n\t\t\t\t<a class=\"elementor-post__thumbnail__link\" href=\"https:\/\/asoprovida.org\/fr\/culture-planetaire-et-gardiens-de-la-vie-en-classe\/\" tabindex=\"-1\" ><div class=\"elementor-post__thumbnail\"><img decoding=\"async\" width=\"2000\" height=\"1500\" src=\"https:\/\/asoprovida.org\/wp-content\/uploads\/2026\/04\/WhatsApp-Image-2026-03-24-at-13.47.41-1.jpeg\" class=\"attachment-full size-full wp-image-4744\" alt=\"Photo de groupe des promoteurs et des enfants avec les affiches ou lors de l&#039;activit\u00e9 en plein air.\" srcset=\"https:\/\/asoprovida.org\/wp-content\/uploads\/2026\/04\/WhatsApp-Image-2026-03-24-at-13.47.41-1.jpeg 2000w, https:\/\/asoprovida.org\/wp-content\/uploads\/2026\/04\/WhatsApp-Image-2026-03-24-at-13.47.41-1-300x225.jpeg 300w, https:\/\/asoprovida.org\/wp-content\/uploads\/2026\/04\/WhatsApp-Image-2026-03-24-at-13.47.41-1-1024x768.jpeg 1024w, https:\/\/asoprovida.org\/wp-content\/uploads\/2026\/04\/WhatsApp-Image-2026-03-24-at-13.47.41-1-768x576.jpeg 768w, https:\/\/asoprovida.org\/wp-content\/uploads\/2026\/04\/WhatsApp-Image-2026-03-24-at-13.47.41-1-1536x1152.jpeg 1536w, https:\/\/asoprovida.org\/wp-content\/uploads\/2026\/04\/WhatsApp-Image-2026-03-24-at-13.47.41-1-16x12.jpeg 16w\" sizes=\"(max-width: 2000px) 100vw, 2000px\" \/><\/div><\/a>\n\t\t\t\t<div class=\"elementor-post__text\">\n\t\t\t\t<h4 class=\"elementor-post__title\">\n\t\t\t<a href=\"https:\/\/asoprovida.org\/fr\/culture-planetaire-et-gardiens-de-la-vie-en-classe\/\" >\n\t\t\t\tCulture plan\u00e9taire et gardiens de la vie en classe\t\t\t<\/a>\n\t\t<\/h4>\n\t\t\n\t\t<a class=\"elementor-post__read-more\" href=\"https:\/\/asoprovida.org\/fr\/culture-planetaire-et-gardiens-de-la-vie-en-classe\/\" aria-label=\"Read more about Cultura planetaria y guardianes de la vida en las aulas\" tabindex=\"-1\" >\n\t\t\tEn savoir plus\t\t<\/a>\n\n\t\t\t\t<\/div>\n\t\t\t\t\t<\/div>\n\t\t<\/article>\n\t\t\t\t<article class=\"elementor-post elementor-grid-item post-4730 post type-post status-publish format-standard has-post-thumbnail hentry category-colombia tag-cfi\">\n\t\t\t<div class=\"elementor-post__card\">\n\t\t\t\t<a class=\"elementor-post__thumbnail__link\" href=\"https:\/\/asoprovida.org\/fr\/centre-de-formation-integrale-asoprovida\/\" tabindex=\"-1\" ><div class=\"elementor-post__thumbnail\"><img decoding=\"async\" width=\"960\" height=\"720\" src=\"https:\/\/asoprovida.org\/wp-content\/uploads\/2026\/04\/596475797_1244154987760387_8409120352766886016_n.jpg\" class=\"attachment-full size-full wp-image-4731\" alt=\"\" srcset=\"https:\/\/asoprovida.org\/wp-content\/uploads\/2026\/04\/596475797_1244154987760387_8409120352766886016_n.jpg 960w, https:\/\/asoprovida.org\/wp-content\/uploads\/2026\/04\/596475797_1244154987760387_8409120352766886016_n-300x225.jpg 300w, https:\/\/asoprovida.org\/wp-content\/uploads\/2026\/04\/596475797_1244154987760387_8409120352766886016_n-768x576.jpg 768w, https:\/\/asoprovida.org\/wp-content\/uploads\/2026\/04\/596475797_1244154987760387_8409120352766886016_n-16x12.jpg 16w\" sizes=\"(max-width: 960px) 100vw, 960px\"><\/div><\/a>\n\t\t\t\t<div class=\"elementor-post__text\">\n\t\t\t\t<h4 class=\"elementor-post__title\">\n\t\t\t<a href=\"https:\/\/asoprovida.org\/fr\/centre-de-formation-integrale-asoprovida\/\" >\n\t\t\t\tDe l'inexp\u00e9riment\u00e9 au connaisseur : cours au CFI Asoprovida\t\t\t<\/a>\n\t\t<\/h4>\n\t\t\n\t\t<a class=\"elementor-post__read-more\" href=\"https:\/\/asoprovida.org\/fr\/centre-de-formation-integrale-asoprovida\/\" aria-label=\"Read more about De inexpertos a conocedores: cursos en el CFI Asoprovida\" tabindex=\"-1\" >\n\t\t\tEn savoir plus\t\t<\/a>\n\n\t\t\t\t<\/div>\n\t\t\t\t\t<\/div>\n\t\t<\/article>\n\t\t\t\t<article class=\"elementor-post elementor-grid-item post-4724 post type-post status-publish format-standard has-post-thumbnail hentry category-espana\">\n\t\t\t<div class=\"elementor-post__card\">\n\t\t\t\t<a class=\"elementor-post__thumbnail__link\" href=\"https:\/\/asoprovida.org\/fr\/journee-de-lecopsychologie-et-de-lecopedagogie\/\" tabindex=\"-1\" ><div class=\"elementor-post__thumbnail\"><img loading=\"lazy\" decoding=\"async\" width=\"1599\" height=\"899\" src=\"https:\/\/asoprovida.org\/wp-content\/uploads\/2026\/03\/ecopsicologia-espana.jpeg\" class=\"attachment-full size-full wp-image-4726\" alt=\"\" srcset=\"https:\/\/asoprovida.org\/wp-content\/uploads\/2026\/03\/ecopsicologia-espana.jpeg 1599w, https:\/\/asoprovida.org\/wp-content\/uploads\/2026\/03\/ecopsicologia-espana-300x169.jpeg 300w, https:\/\/asoprovida.org\/wp-content\/uploads\/2026\/03\/ecopsicologia-espana-1024x576.jpeg 1024w, https:\/\/asoprovida.org\/wp-content\/uploads\/2026\/03\/ecopsicologia-espana-768x432.jpeg 768w, https:\/\/asoprovida.org\/wp-content\/uploads\/2026\/03\/ecopsicologia-espana-1536x864.jpeg 1536w, https:\/\/asoprovida.org\/wp-content\/uploads\/2026\/03\/ecopsicologia-espana-18x10.jpeg 18w\" sizes=\"(max-width: 1599px) 100vw, 1599px\"><\/div><\/a>\n\t\t\t\t<div class=\"elementor-post__text\">\n\t\t\t\t<h4 class=\"elementor-post__title\">\n\t\t\t<a href=\"https:\/\/asoprovida.org\/fr\/journee-de-lecopsychologie-et-de-lecopedagogie\/\" >\n\t\t\t\tJourn\u00e9e de l'\u00e9copsychologie et de l'\u00e9cop\u00e9dagogie\t\t\t<\/a>\n\t\t<\/h4>\n\t\t\n\t\t<a class=\"elementor-post__read-more\" href=\"https:\/\/asoprovida.org\/fr\/journee-de-lecopsychologie-et-de-lecopedagogie\/\" aria-label=\"Read more about Jornada de Ecopsicolog\u00eda y Ecopedagog\u00eda\" tabindex=\"-1\" >\n\t\t\tEn savoir plus\t\t<\/a>\n\n\t\t\t\t<\/div>\n\t\t\t\t\t<\/div>\n\t\t<\/article>\n\t\t\t\t<article class=\"elementor-post elementor-grid-item post-3658 post type-post status-publish format-standard has-post-thumbnail hentry category-sin-categoria tag-calentamiento-global tag-cambio-climatico tag-glacial\">\n\t\t\t<div class=\"elementor-post__card\">\n\t\t\t\t<a class=\"elementor-post__thumbnail__link\" href=\"https:\/\/asoprovida.org\/fr\/2025-annee-internationale-de-la-conservation-des-glaciers\/\" tabindex=\"-1\" ><div class=\"elementor-post__thumbnail\"><img loading=\"lazy\" decoding=\"async\" width=\"1920\" height=\"1280\" src=\"https:\/\/asoprovida.org\/wp-content\/uploads\/2025\/11\/the-glacier-7504780_1920.jpg\" class=\"attachment-full size-full wp-image-3659\" alt=\"\" srcset=\"https:\/\/asoprovida.org\/wp-content\/uploads\/2025\/11\/the-glacier-7504780_1920.jpg 1920w, https:\/\/asoprovida.org\/wp-content\/uploads\/2025\/11\/the-glacier-7504780_1920-300x200.jpg 300w, https:\/\/asoprovida.org\/wp-content\/uploads\/2025\/11\/the-glacier-7504780_1920-1024x683.jpg 1024w, https:\/\/asoprovida.org\/wp-content\/uploads\/2025\/11\/the-glacier-7504780_1920-768x512.jpg 768w, https:\/\/asoprovida.org\/wp-content\/uploads\/2025\/11\/the-glacier-7504780_1920-1536x1024.jpg 1536w, https:\/\/asoprovida.org\/wp-content\/uploads\/2025\/11\/the-glacier-7504780_1920-18x12.jpg 18w\" sizes=\"(max-width: 1920px) 100vw, 1920px\"><\/div><\/a>\n\t\t\t\t<div class=\"elementor-post__text\">\n\t\t\t\t<h4 class=\"elementor-post__title\">\n\t\t\t<a href=\"https:\/\/asoprovida.org\/fr\/2025-annee-internationale-de-la-conservation-des-glaciers\/\" >\n\t\t\t\t2025 Ann\u00e9e internationale de la conservation des glaciers\t\t\t<\/a>\n\t\t<\/h4>\n\t\t\n\t\t<a class=\"elementor-post__read-more\" href=\"https:\/\/asoprovida.org\/fr\/2025-annee-internationale-de-la-conservation-des-glaciers\/\" aria-label=\"En savoir plus sur l&#039;Ann\u00e9e internationale de la conservation des glaciers (2025)\" tabindex=\"-1\" >\n\t\t\tEn savoir plus\t\t<\/a>\n\n\t\t\t\t<\/div>\n\t\t\t\t\t<\/div>\n\t\t<\/article>\n\t\t\t\t<article class=\"elementor-post elementor-grid-item post-3537 post type-post status-publish format-standard has-post-thumbnail hentry category-brasil category-cop30\">\n\t\t\t<div class=\"elementor-post__card\">\n\t\t\t\t<a class=\"elementor-post__thumbnail__link\" href=\"https:\/\/asoprovida.org\/fr\/asoprovida-dans-la-cop30-le-developpement-humain-en-harmonie-avec-la-nature-a-lepoque-de-lia\/\" tabindex=\"-1\" ><div class=\"elementor-post__thumbnail\"><img loading=\"lazy\" decoding=\"async\" width=\"1080\" height=\"1316\" src=\"https:\/\/asoprovida.org\/wp-content\/uploads\/2025\/11\/580817162_1221601743349045_3595134310602836732_n.jpg\" class=\"attachment-full size-full wp-image-3538\" alt=\"D\u00e9veloppement humain en harmonie avec la nature \u00e0 l&#039;\u00e8re de l&#039;IA\" srcset=\"https:\/\/asoprovida.org\/wp-content\/uploads\/2025\/11\/580817162_1221601743349045_3595134310602836732_n.jpg 1080w, https:\/\/asoprovida.org\/wp-content\/uploads\/2025\/11\/580817162_1221601743349045_3595134310602836732_n-246x300.jpg 246w, https:\/\/asoprovida.org\/wp-content\/uploads\/2025\/11\/580817162_1221601743349045_3595134310602836732_n-840x1024.jpg 840w, https:\/\/asoprovida.org\/wp-content\/uploads\/2025\/11\/580817162_1221601743349045_3595134310602836732_n-768x936.jpg 768w, https:\/\/asoprovida.org\/wp-content\/uploads\/2025\/11\/580817162_1221601743349045_3595134310602836732_n-10x12.jpg 10w\" sizes=\"(max-width: 1080px) 100vw, 1080px\" \/><\/div><\/a>\n\t\t\t\t<div class=\"elementor-post__text\">\n\t\t\t\t<h4 class=\"elementor-post__title\">\n\t\t\t<a href=\"https:\/\/asoprovida.org\/fr\/asoprovida-dans-la-cop30-le-developpement-humain-en-harmonie-avec-la-nature-a-lepoque-de-lia\/\" >\n\t\t\t\tAsoprovida \u00e0 la COP30 : Le d\u00e9veloppement humain en harmonie avec la nature \u00e0 l'heure de l'IA\t\t\t<\/a>\n\t\t<\/h4>\n\t\t\n\t\t<a class=\"elementor-post__read-more\" href=\"https:\/\/asoprovida.org\/fr\/asoprovida-dans-la-cop30-le-developpement-humain-en-harmonie-avec-la-nature-a-lepoque-de-lia\/\" aria-label=\"Lire la suite sur Asoprovida \u00e0 la COP30 : le d\u00e9veloppement humain en harmonie avec la nature \u00e0 l&#039;heure de l&#039;IA\" tabindex=\"-1\" >\n\t\t\tEn savoir plus\t\t<\/a>\n\n\t\t\t\t<\/div>\n\t\t\t\t\t<\/div>\n\t\t<\/article>\n\t\t\t\t<article class=\"elementor-post elementor-grid-item post-3534 post type-post status-publish format-standard has-post-thumbnail hentry category-brasil category-cop30\">\n\t\t\t<div class=\"elementor-post__card\">\n\t\t\t\t<a class=\"elementor-post__thumbnail__link\" href=\"https:\/\/asoprovida.org\/fr\/asoprovida-dans-la-cop30-lenseignant-en-tant-quetre-eco-social-pour-les-generations-futures\/\" tabindex=\"-1\" ><div class=\"elementor-post__thumbnail\"><img loading=\"lazy\" decoding=\"async\" width=\"1080\" height=\"1332\" src=\"https:\/\/asoprovida.org\/wp-content\/uploads\/2025\/11\/580693365_1221601686682384_3664010595518728096_n.jpg\" class=\"attachment-full size-full wp-image-3535\" alt=\"L&#039;enseignant en tant qu&#039;\u00eatre \u00e9cosocial\" srcset=\"https:\/\/asoprovida.org\/wp-content\/uploads\/2025\/11\/580693365_1221601686682384_3664010595518728096_n.jpg 1080w, https:\/\/asoprovida.org\/wp-content\/uploads\/2025\/11\/580693365_1221601686682384_3664010595518728096_n-243x300.jpg 243w, https:\/\/asoprovida.org\/wp-content\/uploads\/2025\/11\/580693365_1221601686682384_3664010595518728096_n-830x1024.jpg 830w, https:\/\/asoprovida.org\/wp-content\/uploads\/2025\/11\/580693365_1221601686682384_3664010595518728096_n-768x947.jpg 768w, https:\/\/asoprovida.org\/wp-content\/uploads\/2025\/11\/580693365_1221601686682384_3664010595518728096_n-10x12.jpg 10w\" sizes=\"(max-width: 1080px) 100vw, 1080px\" \/><\/div><\/a>\n\t\t\t\t<div class=\"elementor-post__text\">\n\t\t\t\t<h4 class=\"elementor-post__title\">\n\t\t\t<a href=\"https:\/\/asoprovida.org\/fr\/asoprovida-dans-la-cop30-lenseignant-en-tant-quetre-eco-social-pour-les-generations-futures\/\" >\n\t\t\t\tAsoprovida \u00e0 la COP30 : l'enseignant en tant qu'\u00eatre \u00e9co-social pour les g\u00e9n\u00e9rations futures\t\t\t<\/a>\n\t\t<\/h4>\n\t\t\n\t\t<a class=\"elementor-post__read-more\" href=\"https:\/\/asoprovida.org\/fr\/asoprovida-dans-la-cop30-lenseignant-en-tant-quetre-eco-social-pour-les-generations-futures\/\" aria-label=\"En savoir plus sur Asoprovida \u00e0 la COP30 : l&#039;enseignant en tant qu&#039;\u00eatre \u00e9co-social pour les g\u00e9n\u00e9rations futures\" tabindex=\"-1\" >\n\t\t\tEn savoir plus\t\t<\/a>\n\n\t\t\t\t<\/div>\n\t\t\t\t\t<\/div>\n\t\t<\/article>\n\t\t\t\t<article class=\"elementor-post elementor-grid-item post-3530 post type-post status-publish format-standard has-post-thumbnail hentry category-brasil category-cop30\">\n\t\t\t<div class=\"elementor-post__card\">\n\t\t\t\t<a class=\"elementor-post__thumbnail__link\" href=\"https:\/\/asoprovida.org\/fr\/asoprovida-a-cop30\/\" tabindex=\"-1\" ><div class=\"elementor-post__thumbnail\"><img loading=\"lazy\" decoding=\"async\" width=\"1080\" height=\"1335\" src=\"https:\/\/asoprovida.org\/wp-content\/uploads\/2025\/11\/579655946_1221601646682388_5426508319306398277_n.jpg\" class=\"attachment-full size-full wp-image-3532\" alt=\"Asoprovida \u00e0 la COP30\" srcset=\"https:\/\/asoprovida.org\/wp-content\/uploads\/2025\/11\/579655946_1221601646682388_5426508319306398277_n.jpg 1080w, https:\/\/asoprovida.org\/wp-content\/uploads\/2025\/11\/579655946_1221601646682388_5426508319306398277_n-243x300.jpg 243w, https:\/\/asoprovida.org\/wp-content\/uploads\/2025\/11\/579655946_1221601646682388_5426508319306398277_n-828x1024.jpg 828w, https:\/\/asoprovida.org\/wp-content\/uploads\/2025\/11\/579655946_1221601646682388_5426508319306398277_n-768x949.jpg 768w, https:\/\/asoprovida.org\/wp-content\/uploads\/2025\/11\/579655946_1221601646682388_5426508319306398277_n-10x12.jpg 10w\" sizes=\"(max-width: 1080px) 100vw, 1080px\" \/><\/div><\/a>\n\t\t\t\t<div class=\"elementor-post__text\">\n\t\t\t\t<h4 class=\"elementor-post__title\">\n\t\t\t<a href=\"https:\/\/asoprovida.org\/fr\/asoprovida-a-cop30\/\" >\n\t\t\t\tAsoprovida \u00e0 la COP30\t\t\t<\/a>\n\t\t<\/h4>\n\t\t\n\t\t<a class=\"elementor-post__read-more\" href=\"https:\/\/asoprovida.org\/fr\/asoprovida-a-cop30\/\" aria-label=\"Read more about Asoprovida En La COP30\" tabindex=\"-1\" >\n\t\t\tEn savoir plus\t\t<\/a>\n\n\t\t\t\t<\/div>\n\t\t\t\t\t<\/div>\n\t\t<\/article>\n\t\t\t\t<article class=\"elementor-post elementor-grid-item post-3499 post type-post status-publish format-standard has-post-thumbnail hentry category-colombia\">\n\t\t\t<div class=\"elementor-post__card\">\n\t\t\t\t<a class=\"elementor-post__thumbnail__link\" href=\"https:\/\/asoprovida.org\/fr\/journee-du-jeune-ecologiste-a-pampelune\/\" tabindex=\"-1\" ><div class=\"elementor-post__thumbnail\"><img loading=\"lazy\" decoding=\"async\" width=\"1920\" height=\"2560\" src=\"https:\/\/asoprovida.org\/wp-content\/uploads\/2025\/11\/IMG-20250830-WA0030-scaled-1.jpg\" class=\"attachment-full size-full wp-image-3518\" alt=\"\" srcset=\"https:\/\/asoprovida.org\/wp-content\/uploads\/2025\/11\/IMG-20250830-WA0030-scaled-1.jpg 1920w, https:\/\/asoprovida.org\/wp-content\/uploads\/2025\/11\/IMG-20250830-WA0030-scaled-1-225x300.jpg 225w, https:\/\/asoprovida.org\/wp-content\/uploads\/2025\/11\/IMG-20250830-WA0030-scaled-1-768x1024.jpg 768w, https:\/\/asoprovida.org\/wp-content\/uploads\/2025\/11\/IMG-20250830-WA0030-scaled-1-1152x1536.jpg 1152w, https:\/\/asoprovida.org\/wp-content\/uploads\/2025\/11\/IMG-20250830-WA0030-scaled-1-1536x2048.jpg 1536w, https:\/\/asoprovida.org\/wp-content\/uploads\/2025\/11\/IMG-20250830-WA0030-scaled-1-9x12.jpg 9w\" sizes=\"(max-width: 1920px) 100vw, 1920px\"><\/div><\/a>\n\t\t\t\t<div class=\"elementor-post__text\">\n\t\t\t\t<h4 class=\"elementor-post__title\">\n\t\t\t<a href=\"https:\/\/asoprovida.org\/fr\/journee-du-jeune-ecologiste-a-pampelune\/\" >\n\t\t\t\tJOURN\u00c9E DU JEUNE \u00c9COLOGISTE \u00c0 PAMPELUNE\t\t\t<\/a>\n\t\t<\/h4>\n\t\t\n\t\t<a class=\"elementor-post__read-more\" href=\"https:\/\/asoprovida.org\/fr\/journee-du-jeune-ecologiste-a-pampelune\/\" aria-label=\"Read more about D\u00cdA DEL JOVEN AMBIENTAL EN PAMPLONA\" tabindex=\"-1\" >\n\t\t\tEn savoir plus\t\t<\/a>\n\n\t\t\t\t<\/div>\n\t\t\t\t\t<\/div>\n\t\t<\/article>\n\t\t\t\t<\/div>\n\t\t\t\t\t<span class=\"e-load-more-spinner\">\n\t\t\t\t<svg aria-hidden=\"true\" class=\"e-font-icon-svg e-fas-spinner\" viewbox=\"0 0 512 512\" xmlns=\"http:\/\/www.w3.org\/2000\/svg\"><path d=\"M304 48c0 26.51-21.49 48-48 48s-48-21.49-48-48 21.49-48 48-48 48 21.49 48 48zm-48 368c-26.51 0-48 21.49-48 48s21.49 48 48 48 48-21.49 48-48-21.49-48-48-48zm208-208c-26.51 0-48 21.49-48 48s21.49 48 48 48 48-21.49 48-48-21.49-48-48-48zM96 256c0-26.51-21.49-48-48-48S0 229.49 0 256s21.49 48 48 48 48-21.49 48-48zm12.922 99.078c-26.51 0-48 21.49-48 48s21.49 48 48 48 48-21.49 48-48c0-26.509-21.491-48-48-48zm294.156 0c-26.51 0-48 21.49-48 48s21.49 48 48 48 48-21.49 48-48c0-26.509-21.49-48-48-48zM108.922 60.922c-26.51 0-48 21.49-48 48s21.49 48 48 48 48-21.49 48-48-21.491-48-48-48z\"><\/path><\/svg>\t\t\t<\/span>\n\t\t\n\t\t\t\t<div class=\"e-load-more-anchor\" data-page=\"1\" data-max-page=\"5\" data-next-page=\"https:\/\/asoprovida.org\/fr\/wp-json\/wp\/v2\/pages\/1938\/page\/2\/\"><\/div>\n\t\t\t\t<div class=\"elementor-button-wrapper\">\n\t\t\t<a href=\"#\" class=\"elementor-button-link elementor-button\" role=\"button\">\n\t\t\t\t\t\t<span class=\"elementor-button-content-wrapper\">\n\t\t\t\t\t\t\t\t\t<span class=\"elementor-button-text\">Voir plus de publications<\/span>\n\t\t\t\t\t<\/span>\n\t\t\t\t\t<\/a>\n\t\t<\/div>\n\t\t\t\t<div class=\"e-load-more-message\"><\/div>\n\t\t\t\t\t\t<\/div>\n\t\t\t\t<\/div>\n\t\t\t\t\t<\/div>\n\t\t\t\t<\/div>\n\t\t\t\t<\/div>","protected":false},"excerpt":{"rendered":"<p>Blog sur les exp\u00e9riences et les activit\u00e9s<\/p>","protected":false},"author":5,"featured_media":0,"parent":0,"menu_order":0,"comment_status":"closed","ping_status":"closed","template":"elementor_header_footer","meta":{"footnotes":""},"class_list":["post-1938","page","type-page","status-publish","hentry"],"_links":{"self":[{"href":"https:\/\/asoprovida.org\/fr\/wp-json\/wp\/v2\/pages\/1938","targetHints":{"allow":["GET"]}}],"collection":[{"href":"https:\/\/asoprovida.org\/fr\/wp-json\/wp\/v2\/pages"}],"about":[{"href":"https:\/\/asoprovida.org\/fr\/wp-json\/wp\/v2\/types\/page"}],"author":[{"embeddable":true,"href":"https:\/\/asoprovida.org\/fr\/wp-json\/wp\/v2\/users\/5"}],"replies":[{"embeddable":true,"href":"https:\/\/asoprovida.org\/fr\/wp-json\/wp\/v2\/comments?post=1938"}],"version-history":[{"count":16,"href":"https:\/\/asoprovida.org\/fr\/wp-json\/wp\/v2\/pages\/1938\/revisions"}],"predecessor-version":[{"id":2773,"href":"https:\/\/asoprovida.org\/fr\/wp-json\/wp\/v2\/pages\/1938\/revisions\/2773"}],"wp:attachment":[{"href":"https:\/\/asoprovida.org\/fr\/wp-json\/wp\/v2\/media?parent=1938"}],"curies":[{"name":"wp","href":"https:\/\/api.w.org\/{rel}","templated":true}]}}